{"id":860,"date":"2016-05-07T09:26:26","date_gmt":"2016-05-07T07:26:26","guid":{"rendered":"http:\/\/aeroclubchateauneuf.fr\/?page_id=860"},"modified":"2024-12-11T11:29:06","modified_gmt":"2024-12-11T10:29:06","slug":"ecole-de-pilotage","status":"publish","type":"page","link":"https:\/\/aeroclubchateauneuf.fr\/?page_id=860","title":{"rendered":"Nos formations"},"content":{"rendered":"<p><i>\u00ab\u00a0Fais de ta vie un r\u00eave, et d&rsquo;un r\u00eave, une r\u00e9alit\u00e9\u00a0\u00bb <\/i><\/p>\n<p>Antoine de Saint-Exup\u00e9ry<\/p>\n<p align=\"left\">Avant de go\u00fbter aux plaisirs a\u00e9ronautiques dans le respect de l&rsquo;environnement, de voir d\u00e9filer sous vos ailes les paysages de France, d&rsquo;Europe et du Monde, de choisir une destination, juste pour d\u00e9couvrir un site privil\u00e9gi\u00e9 ou pour suivre un plan de vol in\u00e9dit, de d\u00e9cider de partir avec des amis pour une journ\u00e9e ou un week\u2011end, de pr\u00e9parer une travers\u00e9e maritime&#8230; En r\u00e9sum\u00e9, finalement d&rsquo;\u00eatre libre comme l&rsquo;air, 3 instructeurs peuvent vous dispenser une formation au pilotage en semaine ou le week-end. Notre a\u00e9ro-club est effectivement d\u00e9clar\u00e9 comme organisme de formation aupr\u00e8s de l&rsquo;Autorit\u00e9 A\u00e9ronautique sous le N\u00b0 FR-DTO-0431,<span style=\"color: #000000;\"><span style=\"font-family: Arial, sans-serif;\"><span style=\"font-size: medium;\">\u00a0pour assurer les formations pratiques et th\u00e9oriques aux diff\u00e9rents brevets et formations, <a href=\"http:\/\/www.ffa-aero.fr\/FR\/frm_LesFormations.awp\" target=\"_blank\" rel=\"noopener\">ABL,\u00a0 LAPL, PPL et aptitude vol de nuit<\/a>\u00a0, les formations th\u00e9oriques LAPL et PPL s&rsquo;effectuant \u00e9galement en <a href=\"https:\/\/ppl-theorique.com\/homepage.php\">e-learning<\/a>.\u00a0<\/span><\/span><\/span><\/p>\n<p><span style=\"color: #000000;\"><span style=\"font-family: Arial, sans-serif;\"><span style=\"font-size: medium;\">Les jeunes pilotes peuvent b\u00e9n\u00e9ficier d&rsquo;aides sous formes de bourses <a href=\"http:\/\/www.ffa-aero.fr\/FR\/frm_decouvrir_aidesffapourjeunespilotes.awp\">FFA<\/a> octroy\u00e9es en fonction des r\u00e9sultats obtenus.<\/span><\/span><\/span><\/p>\n<p><span style=\"color: #000000;\"><span style=\"font-family: Arial, sans-serif;\"><span style=\"font-size: medium;\">La formation au<a href=\"http:\/\/www.ffa-aero.fr\/FR\/frm_LesFormations.awp\" target=\"_blank\" rel=\"noopener\"> brevet d&rsquo;initiation a\u00e9ronautique<\/a> est r\u00e9alis\u00e9e en collaboration avec l&rsquo;<a href=\"http:\/\/www.poleaeronautiqueavord.fr\/\" target=\"_blank\" rel=\"noopener\">association des avions anciens d&rsquo;Avord<\/a> gr\u00e2ce \u00e0 une convention nous liant au coll\u00e8ge Georges Sand d&rsquo;Avord.<\/span><\/span><\/span><\/p>\n<p><a href=\"http:\/\/www.ffa-aero.fr\/FR\/frm_LesFormations.awp\" target=\"_blank\" rel=\"noopener\"><img decoding=\"async\" loading=\"lazy\" class=\"alignnone size-full wp-image-927\" src=\"http:\/\/aeroclubchateauneuf.fr\/wp-content\/uploads\/bia.jpg\" alt=\"\" width=\"232\" height=\"246\" \/><\/a>\u00a0 \u00a0 \u00a0 \u00a0 \u00a0 \u00a0 \u00a0 \u00a0 \u00a0 \u00a0 \u00a0 \u00a0 \u00a0 \u00a0 \u00a0 \u00a0 \u00a0\u00a0<a href=\"http:\/\/www.poleaeronautiqueavord.fr\/\" target=\"_blank\" rel=\"noopener\"><img decoding=\"async\" loading=\"lazy\" class=\"alignnone size-full wp-image-926\" src=\"http:\/\/aeroclubchateauneuf.fr\/wp-content\/uploads\/4A.jpg\" alt=\"\" width=\"246\" height=\"241\" \/><\/a><\/p>\n","protected":false},"excerpt":{"rendered":"<p>\u00ab\u00a0Fais de ta vie un r\u00eave, et d&rsquo;un r\u00eave, une r\u00e9alit\u00e9\u00a0\u00bb Antoine de Saint-Exup\u00e9ry Avant de go\u00fbter aux plaisirs a\u00e9ronautiques dans le respect de l&rsquo;environnement, de voir d\u00e9filer sous vos ailes les paysages de France, d&rsquo;Europe et du Monde, de &hellip; <a href=\"https:\/\/aeroclubchateauneuf.fr\/?page_id=860\">Continuer la lecture <span class=\"meta-nav\">&rarr;<\/span><\/a><\/p>\n","protected":false},"author":1,"featured_media":0,"parent":0,"menu_order":0,"comment_status":"closed","ping_status":"closed","template":"","meta":[],"_links":{"self":[{"href":"https:\/\/aeroclubchateauneuf.fr\/index.php?rest_route=\/wp\/v2\/pages\/860"}],"collection":[{"href":"https:\/\/aeroclubchateauneuf.fr\/index.php?rest_route=\/wp\/v2\/pages"}],"about":[{"href":"https:\/\/aeroclubchateauneuf.fr\/index.php?rest_route=\/wp\/v2\/types\/page"}],"author":[{"embeddable":true,"href":"https:\/\/aeroclubchateauneuf.fr\/index.php?rest_route=\/wp\/v2\/users\/1"}],"replies":[{"embeddable":true,"href":"https:\/\/aeroclubchateauneuf.fr\/index.php?rest_route=%2Fwp%2Fv2%2Fcomments&post=860"}],"version-history":[{"count":20,"href":"https:\/\/aeroclubchateauneuf.fr\/index.php?rest_route=\/wp\/v2\/pages\/860\/revisions"}],"predecessor-version":[{"id":2422,"href":"https:\/\/aeroclubchateauneuf.fr\/index.php?rest_route=\/wp\/v2\/pages\/860\/revisions\/2422"}],"wp:attachment":[{"href":"https:\/\/aeroclubchateauneuf.fr\/index.php?rest_route=%2Fwp%2Fv2%2Fmedia&parent=860"}],"curies":[{"name":"wp","href":"https:\/\/api.w.org\/{rel}","templated":true}]}}