{"id":76,"date":"2015-10-16T16:36:48","date_gmt":"2015-10-16T15:36:48","guid":{"rendered":"http:\/\/aeroclubchateauneuf.fr\/?page_id=76"},"modified":"2024-12-11T11:32:57","modified_gmt":"2024-12-11T10:32:57","slug":"bonjour","status":"publish","type":"page","link":"https:\/\/aeroclubchateauneuf.fr\/","title":{"rendered":"Accueil"},"content":{"rendered":"<table>\n<tbody>\n<tr>\n<td>\u00a0<img decoding=\"async\" loading=\"lazy\" class=\"alignleft wp-image-715\" src=\"http:\/\/aeroclubchateauneuf.fr\/wp-content\/uploads\/apprendre.png\" alt=\"\" width=\"127\" height=\"165\" \/><\/td>\n<td><span style=\"font-family: Arial, sans-serif;\"><span style=\"font-size: medium;\">L\u2019union a\u00e9rienne de Chateauneuf sur Cher a \u00e9t\u00e9 cr\u00e9\u00e9e par une poign\u00e9e de passionn\u00e9s en 1973 <\/span><\/span><span style=\"color: #0066cc;\"><span style=\"color: #000000;\"><span style=\"font-family: Arial, sans-serif;\"><span style=\"font-size: medium;\">sous la forme d&rsquo;une association <\/span><\/span><\/span><\/span><span style=\"font-family: Arial, sans-serif;\"><span style=\"font-size: small;\"><span style=\"font-size: medium;\">\u00e0 but non lucratif, r\u00e9gie par la loi de 1901.<br \/>\nElle est agr\u00e9\u00e9e par le Minist\u00e8re des Transports et par le Minist\u00e8re de la Jeunesse et des Sports. Son fonctionnement reste enti\u00e8rement bas\u00e9 sur le b\u00e9n\u00e9volat. Elle est affili\u00e9e \u00e0 la <a href=\"http:\/\/www.ffa-aero.fr\/FR\/Federation_Aeronautique.awp\" target=\"_blank\" rel=\"noopener\">F\u00e9d\u00e9ration Fran\u00e7aise A\u00e9ronautique<\/a> (FFA) cr\u00e9\u00e9e en 1929 et \u00e0 la <a href=\"https:\/\/www.ffplum.fr\/\">F\u00e9d\u00e9ration Fran\u00e7aise d&rsquo;ULM<\/a> cr\u00e9\u00e9e en 1981, f\u00e9d\u00e9rations reconnues d&rsquo;utilit\u00e9 publique et membres du Comit\u00e9 National Olympique Sportif Fran\u00e7ais.<br \/>\n<\/span><\/span><\/span><\/td>\n<\/tr>\n<\/tbody>\n<\/table>\n<p style=\"text-align: justify;\"><span style=\"color: #000000;\"><span style=\"font-family: Arial, sans-serif;\"><span style=\"font-size: medium;\">\u00a0 \u00a0 \u00a0 \u00a0 \u00a0 \u00a0 <a href=\"http:\/\/www.ffa-aero.fr\/FR\/Federation_Aeronautique.awp?AWPIDB11D9D5B=EFD8223B0CA5A6B5E53E805E8368B6781195DE5F\" target=\"_blank\" rel=\"noopener\"><img decoding=\"async\" loading=\"lazy\" class=\"alignnone wp-image-904\" src=\"http:\/\/aeroclubchateauneuf.fr\/wp-content\/uploads\/FFA-Haute-d\u00e9f-300x139.jpg\" alt=\"\" width=\"179\" height=\"83\" srcset=\"https:\/\/aeroclubchateauneuf.fr\/wp-content\/uploads\/FFA-Haute-d\u00e9f-300x139.jpg 300w, https:\/\/aeroclubchateauneuf.fr\/wp-content\/uploads\/FFA-Haute-d\u00e9f-1024x475.jpg 1024w, https:\/\/aeroclubchateauneuf.fr\/wp-content\/uploads\/FFA-Haute-d\u00e9f.jpg 1404w\" sizes=\"(max-width: 179px) 100vw, 179px\" \/><\/a>\u00a0 \u00a0 \u00a0 \u00a0 \u00a0 \u00a0<\/span><\/span><\/span><\/p>\n<p style=\"text-align: justify;\"><span style=\"color: #000000;\"><span style=\"font-family: Arial, sans-serif;\"><span style=\"font-size: medium;\">\u00a0 \u00a0 \u00a0 \u00a0 \u00a0\u00a0<img decoding=\"async\" loading=\"lazy\" class=\"alignnone size-full wp-image-895\" src=\"http:\/\/aeroclubchateauneuf.fr\/wp-content\/uploads\/dgac.jpg\" alt=\"\" width=\"130\" height=\"88\" \/>\u00a0 \u00a0 \u00a0 \u00a0 \u00a0 \u00a0 \u00a0 \u00a0 \u00a0 \u00a0 \u00a0 \u00a0 \u00a0 \u00a0 \u00a0 \u00a0 \u00a0 \u00a0 \u00a0 \u00a0\u00a0<img decoding=\"async\" loading=\"lazy\" class=\"alignnone wp-image-897\" src=\"http:\/\/aeroclubchateauneuf.fr\/wp-content\/uploads\/image_27-234x300.png\" alt=\"\" width=\"92\" height=\"118\" srcset=\"https:\/\/aeroclubchateauneuf.fr\/wp-content\/uploads\/image_27-234x300.png 234w, https:\/\/aeroclubchateauneuf.fr\/wp-content\/uploads\/image_27.png 500w\" sizes=\"(max-width: 92px) 100vw, 92px\" \/><\/span><\/span><\/span><\/p>\n<p>\u00a0 \u00a0 \u00a0 \u00a0 \u00a0 \u00a0\u00a0<strong>FR.DTO.0431<\/strong><\/p>\n<p style=\"text-align: justify;\"><span style=\"color: #000000;\"><span style=\"font-family: Arial, sans-serif;\"><span style=\"font-size: medium;\">L&rsquo;activit\u00e9 principale de l\u2019a\u00e9roclub est bien entendu de voler, d&rsquo;<a href=\"http:\/\/aeroclubchateauneuf.fr\/?page_id=860\" target=\"_blank\" rel=\"noopener\">apprendre \u00e0 pilote<\/a>r, bref.. \u00e0 faire partie de la grande famille a\u00e9ronautique. <\/span><\/span><\/span><\/p>\n<p><span style=\"color: #000000;\"><span style=\"font-family: Arial, sans-serif;\"><span style=\"font-size: medium;\">Son but est de promouvoir, faciliter et organiser la pratique de l&rsquo;aviation en r\u00e9alisant des <a href=\"http:\/\/aeroclubchateauneuf.fr\/?page_id=80\" target=\"_blank\" rel=\"noopener\">op\u00e9rations de d\u00e9couverte<\/a>, en proposant des<a href=\"http:\/\/aeroclubchateauneuf.fr\/?page_id=80\" target=\"_blank\" rel=\"noopener\"> bapt\u00eames de l\u2019air<\/a> aupr\u00e8s du public et en effectuant la <a href=\"http:\/\/aeroclubchateauneuf.fr\/?page_id=860\" target=\"_blank\" rel=\"noopener\">formation de pilotes<\/a>, l&rsquo;entra\u00eenement et le voyage, \u00e0 effet de d\u00e9velopper l&rsquo;aviation g\u00e9n\u00e9rale comme de pr\u00e9parer aux carri\u00e8res ou m\u00e9tiers y ressortissant. <\/span><\/span><\/span><\/p>\n<p><span style=\"color: #000000;\"><span style=\"font-family: Arial, sans-serif;\"><span style=\"font-size: medium;\">Aussi, l&rsquo;a\u00e9roclub assure la formation aux diff\u00e9rents brevets de pilote et notament au brevet d&rsquo;initiation \u00e0 l&rsquo;a\u00e9ronautique.<\/span><\/span><\/span><\/p>\n<p><span style=\"color: #000000;\"><span style=\"font-family: Arial, sans-serif;\"><span style=\"font-size: medium;\">L&rsquo;a\u00e9roclub est \u00e9galement gestionnaire de <a href=\"http:\/\/aeroclubchateauneuf.fr\/?page_id=28\" target=\"_blank\" rel=\"noopener\">l&rsquo;a\u00e9rodrome de Chateauneuf sur Cher<\/a> et de sa station d&rsquo;avitaillement en essence \u00ab\u00a0aviation\u00a0\u00bb en d\u00e9l\u00e9gation de la communaut\u00e9 de commune Arnon Boischaut Cher<\/span><\/span><\/span><\/p>\n<h1 style=\"text-align: left;\">Nos partenaires\u200b<\/h1>\n<table class=\" aligncenter\" style=\"width: 103.741%; border-collapse: collapse; border-style: dashed; height: 894px;\" cellpadding=\"0\">\n<tbody>\n<tr style=\"height: 172px;\">\n<td style=\"width: 33%; height: 172px;\"><a href=\"https:\/\/www.google.com\/maps\/place\/ABC+Environnement\/@46.7187762,2.5081214,15z\/data=!4m6!3m5!1s0x47fa7b8af0091847:0x621bafe6b28b746a!8m2!3d46.7187762!4d2.5081214!16s%2Fg%2F11btmc3k8z\" target=\"_blank\" rel=\"noopener\"><img decoding=\"async\" loading=\"lazy\" class=\"alignnone  wp-image-2225\" src=\"http:\/\/aeroclubchateauneuf.fr\/wp-content\/uploads\/abc-envir.jpg\" alt=\"\" width=\"124\" height=\"116\" \/><\/a><\/td>\n<td style=\"width: 33%; height: 172px;\"><a href=\"https:\/\/www.artmotors.fr\/\" target=\"_blank\" rel=\"noopener\"><img decoding=\"async\" loading=\"lazy\" class=\"aligncenter wp-image-2223\" src=\"http:\/\/aeroclubchateauneuf.fr\/wp-content\/uploads\/artmotor-300x80.png\" alt=\"\" width=\"310\" height=\"82\" srcset=\"https:\/\/aeroclubchateauneuf.fr\/wp-content\/uploads\/artmotor-300x80.png 300w, https:\/\/aeroclubchateauneuf.fr\/wp-content\/uploads\/artmotor.png 398w\" sizes=\"(max-width: 310px) 100vw, 310px\" \/><\/a><\/td>\n<td style=\"width: 33.5355%; height: 172px;\"><a href=\"https:\/\/www.atelierdaudrey.fr\/\" target=\"_blank\" rel=\"noopener\"><img decoding=\"async\" loading=\"lazy\" class=\"alignnone  wp-image-2214\" src=\"http:\/\/aeroclubchateauneuf.fr\/wp-content\/uploads\/logo-l-atelier-d-audrey-300x284.png\" alt=\"\" width=\"144\" height=\"136\" srcset=\"https:\/\/aeroclubchateauneuf.fr\/wp-content\/uploads\/logo-l-atelier-d-audrey-300x284.png 300w, https:\/\/aeroclubchateauneuf.fr\/wp-content\/uploads\/logo-l-atelier-d-audrey.png 368w\" sizes=\"(max-width: 144px) 100vw, 144px\" \/><\/a><\/td>\n<\/tr>\n<tr style=\"height: 120px;\">\n<td style=\"width: 33%; height: 120px;\"><a href=\"https:\/\/www.facebook.com\/people\/ABEG-Electricit%C3%A9-G%C3%A9n%C3%A9rale\/100083611200467\/?paipv=0&amp;eav=AfbtU6khHtLBGo3PgbMlPhIj-6kMj3CImDcVcwYrH-54kXzt8MV6LFDLUoYzqAjLd8M&amp;_rdr\" target=\"_blank\" rel=\"noopener\"><img decoding=\"async\" loading=\"lazy\" class=\"alignnone size-medium wp-image-2093\" src=\"http:\/\/aeroclubchateauneuf.fr\/wp-content\/uploads\/LOGO-ABEG-300x195.png\" alt=\"\" width=\"300\" height=\"195\" srcset=\"https:\/\/aeroclubchateauneuf.fr\/wp-content\/uploads\/LOGO-ABEG-300x195.png 300w, https:\/\/aeroclubchateauneuf.fr\/wp-content\/uploads\/LOGO-ABEG.png 318w\" sizes=\"(max-width: 300px) 100vw, 300px\" \/><\/a><\/td>\n<td style=\"width: 33%; height: 120px;\"><a href=\"https:\/\/dumay-menuiserie.fr\/\" target=\"_blank\" rel=\"noopener\"><img decoding=\"async\" loading=\"lazy\" class=\"alignnone  wp-image-2213\" src=\"http:\/\/aeroclubchateauneuf.fr\/wp-content\/uploads\/logo_dumay-300x77.jpg\" alt=\"\" width=\"222\" height=\"57\" srcset=\"https:\/\/aeroclubchateauneuf.fr\/wp-content\/uploads\/logo_dumay-300x77.jpg 300w, https:\/\/aeroclubchateauneuf.fr\/wp-content\/uploads\/logo_dumay.jpg 699w\" sizes=\"(max-width: 222px) 100vw, 222px\" \/><\/a><\/td>\n<td style=\"width: 33.5355%; height: 120px;\"><a href=\"https:\/\/www.gp-auto-magasins.fr\/\" target=\"_blank\" rel=\"noopener\"><img decoding=\"async\" loading=\"lazy\" class=\"alignnone size-medium wp-image-1953\" src=\"http:\/\/aeroclubchateauneuf.fr\/wp-content\/uploads\/gpa-auto-300x157.png\" alt=\"\" width=\"300\" height=\"157\" srcset=\"https:\/\/aeroclubchateauneuf.fr\/wp-content\/uploads\/gpa-auto-300x157.png 300w, https:\/\/aeroclubchateauneuf.fr\/wp-content\/uploads\/gpa-auto.png 366w\" sizes=\"(max-width: 300px) 100vw, 300px\" \/><\/a><\/td>\n<\/tr>\n<tr style=\"height: 178px;\">\n<td style=\"width: 33%; height: 178px;\"><a href=\"https:\/\/www.facebook.com\/valentinduQG\/\"><img decoding=\"async\" loading=\"lazy\" class=\"alignnone size-medium wp-image-2307\" src=\"http:\/\/aeroclubchateauneuf.fr\/wp-content\/uploads\/qg-300x288.jpg\" alt=\"\" width=\"300\" height=\"288\" srcset=\"https:\/\/aeroclubchateauneuf.fr\/wp-content\/uploads\/qg-300x288.jpg 300w, https:\/\/aeroclubchateauneuf.fr\/wp-content\/uploads\/qg.jpg 541w\" sizes=\"(max-width: 300px) 100vw, 300px\" \/><\/a><a href=\"https:\/\/www.facebook.com\/p\/Auberge-de-Chavannes-100057687248515\/\"><img decoding=\"async\" loading=\"lazy\" class=\"alignnone size-medium wp-image-2305\" src=\"http:\/\/aeroclubchateauneuf.fr\/wp-content\/uploads\/chavannes-300x202.jpg\" alt=\"\" width=\"300\" height=\"202\" srcset=\"https:\/\/aeroclubchateauneuf.fr\/wp-content\/uploads\/chavannes-300x202.jpg 300w, https:\/\/aeroclubchateauneuf.fr\/wp-content\/uploads\/chavannes.jpg 607w\" sizes=\"(max-width: 300px) 100vw, 300px\" \/><\/a><\/td>\n<td style=\"width: 33%; height: 178px;\"><a href=\"https:\/\/www.qualit-enr.org\/entreprises\/plombier-du-centre\/\" target=\"_blank\" rel=\"noopener\"><img decoding=\"async\" loading=\"lazy\" class=\"alignnone size-full wp-image-2263\" src=\"http:\/\/aeroclubchateauneuf.fr\/wp-content\/uploads\/plombierducentre.png\" alt=\"\" width=\"180\" height=\"153\" \/><\/a><\/td>\n<td style=\"width: 33.5355%; height: 178px;\"><a href=\"https:\/\/www.shopelec18.fr\/\" target=\"_blank\" rel=\"noopener\"><img decoding=\"async\" loading=\"lazy\" class=\"alignnone size-full wp-image-2264\" src=\"http:\/\/aeroclubchateauneuf.fr\/wp-content\/uploads\/shopelec18.jpg\" alt=\"\" width=\"223\" height=\"133\" \/><\/a><\/p>\n<p><a href=\"https:\/\/boubat.fr\/\"><img decoding=\"async\" loading=\"lazy\" class=\"alignnone size-medium wp-image-1404\" src=\"http:\/\/aeroclubchateauneuf.fr\/wp-content\/uploads\/boubat-300x295.jpg\" alt=\"\" width=\"300\" height=\"295\" srcset=\"https:\/\/aeroclubchateauneuf.fr\/wp-content\/uploads\/boubat-300x295.jpg 300w, https:\/\/aeroclubchateauneuf.fr\/wp-content\/uploads\/boubat.jpg 311w\" sizes=\"(max-width: 300px) 100vw, 300px\" \/><\/a><img decoding=\"async\" loading=\"lazy\" class=\"alignleft wp-image-2306 size-medium\" src=\"http:\/\/aeroclubchateauneuf.fr\/wp-content\/uploads\/gilardet-300x205.jpg\" alt=\"\" width=\"300\" height=\"205\" srcset=\"https:\/\/aeroclubchateauneuf.fr\/wp-content\/uploads\/gilardet-300x205.jpg 300w, https:\/\/aeroclubchateauneuf.fr\/wp-content\/uploads\/gilardet.jpg 690w\" sizes=\"(max-width: 300px) 100vw, 300px\" \/><\/td>\n<\/tr>\n<\/tbody>\n<\/table>\n","protected":false},"excerpt":{"rendered":"<p>\u00a0 L\u2019union a\u00e9rienne de Chateauneuf sur Cher a \u00e9t\u00e9 cr\u00e9\u00e9e par une poign\u00e9e de passionn\u00e9s en 1973 sous la forme d&rsquo;une association \u00e0 but non lucratif, r\u00e9gie par la loi de 1901. Elle est agr\u00e9\u00e9e par le Minist\u00e8re des Transports &hellip; <a href=\"https:\/\/aeroclubchateauneuf.fr\/\">Continuer la lecture <span class=\"meta-nav\">&rarr;<\/span><\/a><\/p>\n","protected":false},"author":1,"featured_media":0,"parent":0,"menu_order":0,"comment_status":"closed","ping_status":"closed","template":"","meta":[],"_links":{"self":[{"href":"https:\/\/aeroclubchateauneuf.fr\/index.php?rest_route=\/wp\/v2\/pages\/76"}],"collection":[{"href":"https:\/\/aeroclubchateauneuf.fr\/index.php?rest_route=\/wp\/v2\/pages"}],"about":[{"href":"https:\/\/aeroclubchateauneuf.fr\/index.php?rest_route=\/wp\/v2\/types\/page"}],"author":[{"embeddable":true,"href":"https:\/\/aeroclubchateauneuf.fr\/index.php?rest_route=\/wp\/v2\/users\/1"}],"replies":[{"embeddable":true,"href":"https:\/\/aeroclubchateauneuf.fr\/index.php?rest_route=%2Fwp%2Fv2%2Fcomments&post=76"}],"version-history":[{"count":116,"href":"https:\/\/aeroclubchateauneuf.fr\/index.php?rest_route=\/wp\/v2\/pages\/76\/revisions"}],"predecessor-version":[{"id":2427,"href":"https:\/\/aeroclubchateauneuf.fr\/index.php?rest_route=\/wp\/v2\/pages\/76\/revisions\/2427"}],"wp:attachment":[{"href":"https:\/\/aeroclubchateauneuf.fr\/index.php?rest_route=%2Fwp%2Fv2%2Fmedia&parent=76"}],"curies":[{"name":"wp","href":"https:\/\/api.w.org\/{rel}","templated":true}]}}