{"id":55,"date":"2015-10-16T06:19:17","date_gmt":"2015-10-16T05:19:17","guid":{"rendered":"http:\/\/aeroclubchateauneuf.fr\/blog\/?page_id=55"},"modified":"2024-12-11T11:30:16","modified_gmt":"2024-12-11T10:30:16","slug":"flotte-2","status":"publish","type":"page","link":"https:\/\/aeroclubchateauneuf.fr\/?page_id=55","title":{"rendered":"Nos avions &#038; Ulm"},"content":{"rendered":"<p><span style=\"color: #000000;\"><span style=\"font-family: Arial, sans-serif;\"><span style=\"font-size: medium;\">\u00ab\u00a0<i>Un avion symbolise la libert\u00e9, la joie, la possibilit\u00e9 de comprendre. Ces symboles sont \u00e9ternels.\u00a0\u00bb<\/i> Richard Bach<\/span><\/span><\/span><\/p>\n<p>L&rsquo;a\u00e9ro-club poss\u00e8de 2 avions qui se compl\u00e8tent parfaitement, permettant ainsi l&rsquo;\u00e9cole et le voyage.<\/p>\n<p>L&rsquo;entretien de nos avions est effectu\u00e9 par un atelier agr\u00e9\u00e9 par l&rsquo;organisme pour la s\u00e9curit\u00e9 de l&rsquo;aviation civile (OSAC), LOIRE AVIATION, situ\u00e9 \u00e0 Cosne sur Loire.<\/p>\n<p><a href=\"https:\/\/www.facebook.com\/Loire-Aviation-243239855832955\/\" target=\"_blank\" rel=\"noopener\"><img decoding=\"async\" loading=\"lazy\" class=\"size-medium wp-image-898 alignleft\" src=\"http:\/\/aeroclubchateauneuf.fr\/wp-content\/uploads\/loire-aviation-300x200.jpg\" alt=\"\" width=\"300\" height=\"200\" srcset=\"https:\/\/aeroclubchateauneuf.fr\/wp-content\/uploads\/loire-aviation-300x200.jpg 300w, https:\/\/aeroclubchateauneuf.fr\/wp-content\/uploads\/loire-aviation.jpg 960w\" sizes=\"(max-width: 300px) 100vw, 300px\" \/><br \/>\n<\/a><\/p>\n<p><a href=\"http:\/\/aeroclubchateauneuf.fr\/?page_id=61\"><img decoding=\"async\" loading=\"lazy\" class=\"alignnone size-medium wp-image-844\" src=\"http:\/\/aeroclubchateauneuf.fr\/wp-content\/uploads\/VH_vol-3-300x116.png\" alt=\"VH_vol\" width=\"300\" height=\"116\" \/><\/a><\/p>\n<p><a href=\"http:\/\/aeroclubchateauneuf.fr\/?page_id=61\">F-GBVH DR-400 120cv<\/a><\/p>\n<p><img decoding=\"async\" loading=\"lazy\" class=\"alignnone size-medium wp-image-1203\" src=\"http:\/\/aeroclubchateauneuf.fr\/wp-content\/uploads\/bxju-detour-300x106.jpg\" alt=\"\" width=\"300\" height=\"106\" srcset=\"https:\/\/aeroclubchateauneuf.fr\/wp-content\/uploads\/bxju-detour-300x106.jpg 300w, https:\/\/aeroclubchateauneuf.fr\/wp-content\/uploads\/bxju-detour-1024x363.jpg 1024w\" sizes=\"(max-width: 300px) 100vw, 300px\" \/><\/p>\n<p><a href=\"http:\/\/aeroclubchateauneuf.fr\/?page_id=58\">F-BXJU DR-400 160 cv<\/a><\/p>\n","protected":false},"excerpt":{"rendered":"<p>\u00ab\u00a0Un avion symbolise la libert\u00e9, la joie, la possibilit\u00e9 de comprendre. Ces symboles sont \u00e9ternels.\u00a0\u00bb Richard Bach L&rsquo;a\u00e9ro-club poss\u00e8de 2 avions qui se compl\u00e8tent parfaitement, permettant ainsi l&rsquo;\u00e9cole et le voyage. L&rsquo;entretien de nos avions est effectu\u00e9 par un atelier &hellip; <a href=\"https:\/\/aeroclubchateauneuf.fr\/?page_id=55\">Continuer la lecture <span class=\"meta-nav\">&rarr;<\/span><\/a><\/p>\n","protected":false},"author":1,"featured_media":0,"parent":0,"menu_order":0,"comment_status":"closed","ping_status":"closed","template":"","meta":[],"_links":{"self":[{"href":"https:\/\/aeroclubchateauneuf.fr\/index.php?rest_route=\/wp\/v2\/pages\/55"}],"collection":[{"href":"https:\/\/aeroclubchateauneuf.fr\/index.php?rest_route=\/wp\/v2\/pages"}],"about":[{"href":"https:\/\/aeroclubchateauneuf.fr\/index.php?rest_route=\/wp\/v2\/types\/page"}],"author":[{"embeddable":true,"href":"https:\/\/aeroclubchateauneuf.fr\/index.php?rest_route=\/wp\/v2\/users\/1"}],"replies":[{"embeddable":true,"href":"https:\/\/aeroclubchateauneuf.fr\/index.php?rest_route=%2Fwp%2Fv2%2Fcomments&post=55"}],"version-history":[{"count":23,"href":"https:\/\/aeroclubchateauneuf.fr\/index.php?rest_route=\/wp\/v2\/pages\/55\/revisions"}],"predecessor-version":[{"id":2423,"href":"https:\/\/aeroclubchateauneuf.fr\/index.php?rest_route=\/wp\/v2\/pages\/55\/revisions\/2423"}],"wp:attachment":[{"href":"https:\/\/aeroclubchateauneuf.fr\/index.php?rest_route=%2Fwp%2Fv2%2Fmedia&parent=55"}],"curies":[{"name":"wp","href":"https:\/\/api.w.org\/{rel}","templated":true}]}}