{"id":477,"date":"2015-12-16T19:41:03","date_gmt":"2015-12-16T17:41:03","guid":{"rendered":"http:\/\/aeroclubchateauneuf.fr\/?page_id=477"},"modified":"2017-01-06T11:31:57","modified_gmt":"2017-01-06T09:31:57","slug":"vie-du-club","status":"publish","type":"page","link":"https:\/\/aeroclubchateauneuf.fr\/?page_id=477","title":{"rendered":"Vie du club"},"content":{"rendered":"<p>L\u2019union a\u00e9rienne de Chateauneuf sur Cher a \u00e9t\u00e9 cr\u00e9e par une poign\u00e9e de passionn\u00e9s en 1973 sous la forme d&rsquo;une association \u00e0 but non lucratif, r\u00e9gie par la loi de 1901.<\/p>\n<p align=\"left\">Depuis cette date, l\u2019a\u00e9ro-club n\u2019a pas cess\u00e9 de d\u00e9velopper ces activit\u00e9s grace au b\u00e9n\u00e9volat. Ainsi, toutes les t\u00e2ches n\u00e9cessaires au bon d\u00e9roulement de la vie du club sont assur\u00e9es par des membres b\u00e9n\u00e9voles, en plus de leur passion du pilotage : administration, tr\u00e9sorerie, instruction,suivi de l\u2019entretien des avions, communication&#8230; Chaque membre est ainsi sollicit\u00e9, une \u00e0 deux fois par an, lors de journ\u00e9es de permanence ou de journ\u00e9es de travaux (entretien des locaux, nettoyage des avions).<\/p>\n<p>Suivez-nous sur facebook.<br \/>\n<a href=\"https:\/\/www.facebook.com\/Union.aerienne.Chateauneuf.sur.Cher\/\" target=\"_blank\"><img decoding=\"async\" loading=\"lazy\" class=\"alignnone size-medium wp-image-426\" src=\"http:\/\/aeroclubchateauneuf.fr\/wp-content\/uploads\/facebook-297x300.png\" alt=\"facebook\" width=\"297\" height=\"300\" \/><\/a><\/p>\n<p>&nbsp;<\/p>\n","protected":false},"excerpt":{"rendered":"<p>L\u2019union a\u00e9rienne de Chateauneuf sur Cher a \u00e9t\u00e9 cr\u00e9e par une poign\u00e9e de passionn\u00e9s en 1973 sous la forme d&rsquo;une association \u00e0 but non lucratif, r\u00e9gie par la loi de 1901. Depuis cette date, l\u2019a\u00e9ro-club n\u2019a pas cess\u00e9 de d\u00e9velopper &hellip; <a href=\"https:\/\/aeroclubchateauneuf.fr\/?page_id=477\">Continuer la lecture <span class=\"meta-nav\">&rarr;<\/span><\/a><\/p>\n","protected":false},"author":1,"featured_media":0,"parent":0,"menu_order":0,"comment_status":"closed","ping_status":"closed","template":"","meta":[],"_links":{"self":[{"href":"https:\/\/aeroclubchateauneuf.fr\/index.php?rest_route=\/wp\/v2\/pages\/477"}],"collection":[{"href":"https:\/\/aeroclubchateauneuf.fr\/index.php?rest_route=\/wp\/v2\/pages"}],"about":[{"href":"https:\/\/aeroclubchateauneuf.fr\/index.php?rest_route=\/wp\/v2\/types\/page"}],"author":[{"embeddable":true,"href":"https:\/\/aeroclubchateauneuf.fr\/index.php?rest_route=\/wp\/v2\/users\/1"}],"replies":[{"embeddable":true,"href":"https:\/\/aeroclubchateauneuf.fr\/index.php?rest_route=%2Fwp%2Fv2%2Fcomments&post=477"}],"version-history":[{"count":7,"href":"https:\/\/aeroclubchateauneuf.fr\/index.php?rest_route=\/wp\/v2\/pages\/477\/revisions"}],"predecessor-version":[{"id":1137,"href":"https:\/\/aeroclubchateauneuf.fr\/index.php?rest_route=\/wp\/v2\/pages\/477\/revisions\/1137"}],"wp:attachment":[{"href":"https:\/\/aeroclubchateauneuf.fr\/index.php?rest_route=%2Fwp%2Fv2%2Fmedia&parent=477"}],"curies":[{"name":"wp","href":"https:\/\/api.w.org\/{rel}","templated":true}]}}