{"id":252,"date":"2015-11-21T18:55:49","date_gmt":"2015-11-21T16:55:49","guid":{"rendered":"http:\/\/aeroclubchateauneuf.fr\/?page_id=252"},"modified":"2023-10-05T10:19:11","modified_gmt":"2023-10-05T09:19:11","slug":"pack-initiation","status":"publish","type":"page","link":"https:\/\/aeroclubchateauneuf.fr\/?page_id=252","title":{"rendered":"Passeport initiation"},"content":{"rendered":"<p style=\"text-align: left;\">Apprenez les bases du pilotage avec un instructeur : d\u00e9collage, mont\u00e9e, virages, descentes, atterrissages&#8230;<br \/>\nPeut-\u00eatre le premier pas vers le brevet de pilotage, un merveilleux et passionnant loisir que vous pensiez hors d&rsquo;atteinte et que vous allez d\u00e9couvrir.<\/p>\n<table class=\" aligncenter\" style=\"height: 225px; width: 82.7311%; border-collapse: collapse;\">\n<tbody>\n<tr style=\"height: 23px;\">\n<td style=\"width: 38.7771%; height: 55px; text-align: center;\">\n<h3 class=\"has-colibri-color-6-color has-text-color\">Passeport \u201cPr\u00eat au d\u00e9collage\u201d<\/h3>\n<p>1H30 de vol<\/td>\n<td style=\"width: 11.3731%; height: 55px; text-align: center; vertical-align: middle;\">\n<h3><strong>239\u20ac<\/strong><\/h3>\n<\/td>\n<\/tr>\n<tr style=\"height: 23px;\">\n<td style=\"width: 38.7771%; height: 55px; text-align: center;\">\n<h3 class=\"has-colibri-color-6-color has-text-color\">Passeport \u201cMont\u00e9e initiale\u00a0\u00bb<\/h3>\n<p>3h00 de vol<\/td>\n<td style=\"width: 11.3731%; height: 55px; text-align: center; vertical-align: middle;\">\n<h3><strong>462 \u20ac<\/strong><\/h3>\n<\/td>\n<\/tr>\n<\/tbody>\n<\/table>\n<p>Plus d&rsquo;informations ici <a href=\"https:\/\/enviedepiloter.fr\/presentation-des-passeports\/\"> enviedepiloter.fr<\/a><\/p>\n<p>Pour vous inscrire c&rsquo;est <a href=\"https:\/\/enviedepiloter.fr\/commander-un-passeport\/?code_fna=07019\">ici<\/a><\/p>\n<p>Et \u00e0 bient\u00f4t !<\/p>\n","protected":false},"excerpt":{"rendered":"<p>Apprenez les bases du pilotage avec un instructeur : d\u00e9collage, mont\u00e9e, virages, descentes, atterrissages&#8230; Peut-\u00eatre le premier pas vers le brevet de pilotage, un merveilleux et passionnant loisir que vous pensiez hors d&rsquo;atteinte et que vous allez d\u00e9couvrir. Passeport \u201cPr\u00eat &hellip; <a href=\"https:\/\/aeroclubchateauneuf.fr\/?page_id=252\">Continuer la lecture <span class=\"meta-nav\">&rarr;<\/span><\/a><\/p>\n","protected":false},"author":1,"featured_media":0,"parent":80,"menu_order":0,"comment_status":"closed","ping_status":"closed","template":"","meta":[],"_links":{"self":[{"href":"https:\/\/aeroclubchateauneuf.fr\/index.php?rest_route=\/wp\/v2\/pages\/252"}],"collection":[{"href":"https:\/\/aeroclubchateauneuf.fr\/index.php?rest_route=\/wp\/v2\/pages"}],"about":[{"href":"https:\/\/aeroclubchateauneuf.fr\/index.php?rest_route=\/wp\/v2\/types\/page"}],"author":[{"embeddable":true,"href":"https:\/\/aeroclubchateauneuf.fr\/index.php?rest_route=\/wp\/v2\/users\/1"}],"replies":[{"embeddable":true,"href":"https:\/\/aeroclubchateauneuf.fr\/index.php?rest_route=%2Fwp%2Fv2%2Fcomments&post=252"}],"version-history":[{"count":44,"href":"https:\/\/aeroclubchateauneuf.fr\/index.php?rest_route=\/wp\/v2\/pages\/252\/revisions"}],"predecessor-version":[{"id":2323,"href":"https:\/\/aeroclubchateauneuf.fr\/index.php?rest_route=\/wp\/v2\/pages\/252\/revisions\/2323"}],"up":[{"embeddable":true,"href":"https:\/\/aeroclubchateauneuf.fr\/index.php?rest_route=\/wp\/v2\/pages\/80"}],"wp:attachment":[{"href":"https:\/\/aeroclubchateauneuf.fr\/index.php?rest_route=%2Fwp%2Fv2%2Fmedia&parent=252"}],"curies":[{"name":"wp","href":"https:\/\/api.w.org\/{rel}","templated":true}]}}